{"id":1844,"date":"2021-05-27T06:30:59","date_gmt":"2021-05-27T06:30:59","guid":{"rendered":"https:\/\/alabamapregnancyfamilycenter.com\/opciones\/"},"modified":"2026-05-04T07:41:09","modified_gmt":"2026-05-04T07:41:09","slug":"opciones","status":"publish","type":"page","link":"https:\/\/alabamapregnancyfamilycenter.com\/es\/opciones\/","title":{"rendered":"Opciones"},"content":{"rendered":"\n<p class=\"has-text-align-center\">Obtenga respuestas sobre sus opciones de embarazo: aborto, adopci\u00f3n y crianza. Explore cada opci\u00f3n para tomar una decisi\u00f3n informada sobre su futuro. <\/p>\n","protected":false},"excerpt":{"rendered":"<p>Obtenga respuestas sobre sus opciones de embarazo: aborto, adopci\u00f3n y crianza. Explore cada opci\u00f3n para tomar una decisi\u00f3n informada sobre su futuro.<\/p>\n","protected":false},"author":1,"featured_media":0,"parent":0,"menu_order":0,"comment_status":"closed","ping_status":"closed","template":"views\/template-services_page.blade.php","meta":{"_acf_changed":false,"footnotes":""},"class_list":["post-1844","page","type-page","status-publish","hentry"],"acf":[],"yoast_head":"<!-- This site is optimized with the Yoast SEO plugin v27.5 - https:\/\/yoast.com\/product\/yoast-seo-wordpress\/ -->\n<title>Opciones | Alabama Pregnancy and Family Center Birmingham, AL<\/title>\n<meta name=\"description\" content=\"Lea m\u00e1s sobre Opciones en esta p\u00e1gina. Alabama Pregnancy and Family Center ofrece servicios de embarazo gratuitos y confidenciales.\" \/>\n<meta name=\"robots\" content=\"index, follow, max-snippet:-1, max-image-preview:large, max-video-preview:-1\" \/>\n<link rel=\"canonical\" href=\"https:\/\/alabamapregnancyfamilycenter.com\/es\/opciones\/\" \/>\n<meta property=\"og:locale\" content=\"es_ES\" \/>\n<meta property=\"og:type\" content=\"article\" \/>\n<meta property=\"og:title\" content=\"Opciones | Alabama Pregnancy and Family Center Birmingham, AL\" \/>\n<meta property=\"og:description\" content=\"Lea m\u00e1s sobre Opciones en esta p\u00e1gina. Alabama Pregnancy and Family Center ofrece servicios de embarazo gratuitos y confidenciales.\" \/>\n<meta property=\"og:url\" content=\"https:\/\/alabamapregnancyfamilycenter.com\/es\/opciones\/\" \/>\n<meta property=\"og:site_name\" content=\"Alabama Pregnancy and Family Center\" \/>\n<meta property=\"article:modified_time\" content=\"2026-05-04T07:41:09+00:00\" \/>\n<meta name=\"twitter:card\" content=\"summary_large_image\" \/>\n<!-- \/ Yoast SEO plugin. -->","yoast_head_json":{"title":"Opciones | Alabama Pregnancy and Family Center Birmingham, AL","description":"Lea m\u00e1s sobre Opciones en esta p\u00e1gina. Alabama Pregnancy and Family Center ofrece servicios de embarazo gratuitos y confidenciales.","robots":{"index":"index","follow":"follow","max-snippet":"max-snippet:-1","max-image-preview":"max-image-preview:large","max-video-preview":"max-video-preview:-1"},"canonical":"https:\/\/alabamapregnancyfamilycenter.com\/es\/opciones\/","og_locale":"es_ES","og_type":"article","og_title":"Opciones | Alabama Pregnancy and Family Center Birmingham, AL","og_description":"Lea m\u00e1s sobre Opciones en esta p\u00e1gina. Alabama Pregnancy and Family Center ofrece servicios de embarazo gratuitos y confidenciales.","og_url":"https:\/\/alabamapregnancyfamilycenter.com\/es\/opciones\/","og_site_name":"Alabama Pregnancy and Family Center","article_modified_time":"2026-05-04T07:41:09+00:00","twitter_card":"summary_large_image","schema":{"@context":"https:\/\/schema.org","@graph":[{"@type":"WebPage","@id":"https:\/\/alabamapregnancyfamilycenter.com\/es\/opciones\/","url":"https:\/\/alabamapregnancyfamilycenter.com\/es\/opciones\/","name":"Opciones | Alabama Pregnancy and Family Center Birmingham, AL","isPartOf":{"@id":"https:\/\/alabamapregnancyfamilycenter.com\/es\/#website"},"datePublished":"2021-05-27T06:30:59+00:00","dateModified":"2026-05-04T07:41:09+00:00","description":"Lea m\u00e1s sobre Opciones en esta p\u00e1gina. Alabama Pregnancy and Family Center ofrece servicios de embarazo gratuitos y confidenciales.","breadcrumb":{"@id":"https:\/\/alabamapregnancyfamilycenter.com\/es\/opciones\/#breadcrumb"},"inLanguage":"es","potentialAction":[{"@type":"ReadAction","target":["https:\/\/alabamapregnancyfamilycenter.com\/es\/opciones\/"]}]},{"@type":"BreadcrumbList","@id":"https:\/\/alabamapregnancyfamilycenter.com\/es\/opciones\/#breadcrumb","itemListElement":[{"@type":"ListItem","position":1,"name":"Home","item":"https:\/\/alabamapregnancyfamilycenter.com\/es\/"},{"@type":"ListItem","position":2,"name":"Opciones"}]},{"@type":"WebSite","@id":"https:\/\/alabamapregnancyfamilycenter.com\/es\/#website","url":"https:\/\/alabamapregnancyfamilycenter.com\/es\/","name":"Alabama Pregnancy and Family Center","description":"","potentialAction":[{"@type":"SearchAction","target":{"@type":"EntryPoint","urlTemplate":"https:\/\/alabamapregnancyfamilycenter.com\/es\/?s={search_term_string}"},"query-input":{"@type":"PropertyValueSpecification","valueRequired":true,"valueName":"search_term_string"}}],"inLanguage":"es"}]}},"_links":{"self":[{"href":"https:\/\/alabamapregnancyfamilycenter.com\/es\/wp-json\/wp\/v2\/pages\/1844","targetHints":{"allow":["GET"]}}],"collection":[{"href":"https:\/\/alabamapregnancyfamilycenter.com\/es\/wp-json\/wp\/v2\/pages"}],"about":[{"href":"https:\/\/alabamapregnancyfamilycenter.com\/es\/wp-json\/wp\/v2\/types\/page"}],"author":[{"embeddable":true,"href":"https:\/\/alabamapregnancyfamilycenter.com\/es\/wp-json\/wp\/v2\/users\/1"}],"replies":[{"embeddable":true,"href":"https:\/\/alabamapregnancyfamilycenter.com\/es\/wp-json\/wp\/v2\/comments?post=1844"}],"version-history":[{"count":1,"href":"https:\/\/alabamapregnancyfamilycenter.com\/es\/wp-json\/wp\/v2\/pages\/1844\/revisions"}],"predecessor-version":[{"id":1854,"href":"https:\/\/alabamapregnancyfamilycenter.com\/es\/wp-json\/wp\/v2\/pages\/1844\/revisions\/1854"}],"wp:attachment":[{"href":"https:\/\/alabamapregnancyfamilycenter.com\/es\/wp-json\/wp\/v2\/media?parent=1844"}],"curies":[{"name":"wp","href":"https:\/\/api.w.org\/{rel}","templated":true}]}}