{"id":1833,"date":"2023-02-10T10:48:21","date_gmt":"2023-02-10T10:48:21","guid":{"rendered":"https:\/\/alabamapregnancyfamilycenter.com\/pruebas-de-ets\/"},"modified":"2026-05-04T07:46:44","modified_gmt":"2026-05-04T07:46:44","slug":"pruebas-de-ets","status":"publish","type":"page","link":"https:\/\/alabamapregnancyfamilycenter.com\/es\/servicios\/pruebas-de-ets\/","title":{"rendered":"Pruebas de ETS"},"content":{"rendered":"\n<p>\u00bfCree que podr\u00eda tener una ETS? Cualquier persona puede contraer una <a href=\"https:\/\/www.mayoclinic.org\/diseases-conditions\/sexually-transmitted-diseases-stds\/symptoms-causes\/syc-20351240\" target=\"_blank\" rel=\"noreferrer noopener\">enfermedad de transmisi\u00f3n sexual<\/a> al tener relaciones sexuales vaginales, anales u orales sin protecci\u00f3n con alguien que la padezca. Incluso se puede contraer una ETS por contacto piel con piel.<\/p>\n\n<p>Lamentablemente, ning\u00fan m\u00e9todo anticonceptivo, incluidos los preservativos, le proteger\u00e1 al 100%. Toda persona sexualmente activa deber\u00eda hacerse pruebas regularmente.<\/p>\n","protected":false},"excerpt":{"rendered":"<p>\u00bfCree que podr\u00eda tener una ETS? Cualquier persona puede contraer una enfermedad de transmisi\u00f3n sexual al tener relaciones sexuales vaginales, anales u orales sin protecci\u00f3n con alguien que la padezca. Incluso se puede contraer una ETS por contacto piel con piel. Lamentablemente, ning\u00fan m\u00e9todo anticonceptivo, incluidos los preservativos, le proteger\u00e1 al 100%. Toda persona sexualmente<\/p>\n","protected":false},"author":2,"featured_media":1835,"parent":1867,"menu_order":3,"comment_status":"closed","ping_status":"closed","template":"","meta":{"_acf_changed":false,"footnotes":""},"class_list":["post-1833","page","type-page","status-publish","has-post-thumbnail","hentry"],"acf":[],"yoast_head":"<!-- This site is optimized with the Yoast SEO plugin v27.5 - https:\/\/yoast.com\/product\/yoast-seo-wordpress\/ -->\n<title>Pruebas de ETS | Alabama Pregnancy and Family Center Birmingham, AL<\/title>\n<meta name=\"description\" content=\"Lea m\u00e1s sobre Pruebas de ETS en esta p\u00e1gina. Alabama Pregnancy and Family Center ofrece servicios de embarazo gratuitos y confidenciales.\" \/>\n<meta name=\"robots\" content=\"index, follow, max-snippet:-1, max-image-preview:large, max-video-preview:-1\" \/>\n<link rel=\"canonical\" href=\"https:\/\/alabamapregnancyfamilycenter.com\/es\/servicios\/pruebas-de-ets\/\" \/>\n<meta property=\"og:locale\" content=\"es_ES\" \/>\n<meta property=\"og:type\" content=\"article\" \/>\n<meta property=\"og:title\" content=\"Pruebas de ETS | Alabama Pregnancy and Family Center Birmingham, AL\" \/>\n<meta property=\"og:description\" content=\"Lea m\u00e1s sobre Pruebas de ETS en esta p\u00e1gina. Alabama Pregnancy and Family Center ofrece servicios de embarazo gratuitos y confidenciales.\" \/>\n<meta property=\"og:url\" content=\"https:\/\/alabamapregnancyfamilycenter.com\/es\/servicios\/pruebas-de-ets\/\" \/>\n<meta property=\"og:site_name\" content=\"Alabama Pregnancy and Family Center\" \/>\n<meta property=\"article:modified_time\" content=\"2026-05-04T07:46:44+00:00\" \/>\n<meta name=\"twitter:card\" content=\"summary_large_image\" \/>\n<meta name=\"twitter:label1\" content=\"Tiempo de lectura\" \/>\n\t<meta name=\"twitter:data1\" content=\"1 minuto\" \/>\n<!-- \/ Yoast SEO plugin. -->","yoast_head_json":{"title":"Pruebas de ETS | Alabama Pregnancy and Family Center Birmingham, AL","description":"Lea m\u00e1s sobre Pruebas de ETS en esta p\u00e1gina. Alabama Pregnancy and Family Center ofrece servicios de embarazo gratuitos y confidenciales.","robots":{"index":"index","follow":"follow","max-snippet":"max-snippet:-1","max-image-preview":"max-image-preview:large","max-video-preview":"max-video-preview:-1"},"canonical":"https:\/\/alabamapregnancyfamilycenter.com\/es\/servicios\/pruebas-de-ets\/","og_locale":"es_ES","og_type":"article","og_title":"Pruebas de ETS | Alabama Pregnancy and Family Center Birmingham, AL","og_description":"Lea m\u00e1s sobre Pruebas de ETS en esta p\u00e1gina. Alabama Pregnancy and Family Center ofrece servicios de embarazo gratuitos y confidenciales.","og_url":"https:\/\/alabamapregnancyfamilycenter.com\/es\/servicios\/pruebas-de-ets\/","og_site_name":"Alabama Pregnancy and Family Center","article_modified_time":"2026-05-04T07:46:44+00:00","twitter_card":"summary_large_image","twitter_misc":{"Tiempo de lectura":"1 minuto"},"schema":{"@context":"https:\/\/schema.org","@graph":[{"@type":"WebPage","@id":"https:\/\/alabamapregnancyfamilycenter.com\/es\/servicios\/pruebas-de-ets\/","url":"https:\/\/alabamapregnancyfamilycenter.com\/es\/servicios\/pruebas-de-ets\/","name":"Pruebas de ETS | Alabama Pregnancy and Family Center Birmingham, AL","isPartOf":{"@id":"https:\/\/alabamapregnancyfamilycenter.com\/es\/#website"},"primaryImageOfPage":{"@id":"https:\/\/alabamapregnancyfamilycenter.com\/es\/servicios\/pruebas-de-ets\/#primaryimage"},"image":{"@id":"https:\/\/alabamapregnancyfamilycenter.com\/es\/servicios\/pruebas-de-ets\/#primaryimage"},"thumbnailUrl":"https:\/\/alabamapregnancyfamilycenter.com\/wp-content\/uploads\/2022\/08\/std.svg","datePublished":"2023-02-10T10:48:21+00:00","dateModified":"2026-05-04T07:46:44+00:00","description":"Lea m\u00e1s sobre Pruebas de ETS en esta p\u00e1gina. Alabama Pregnancy and Family Center ofrece servicios de embarazo gratuitos y confidenciales.","breadcrumb":{"@id":"https:\/\/alabamapregnancyfamilycenter.com\/es\/servicios\/pruebas-de-ets\/#breadcrumb"},"inLanguage":"es","potentialAction":[{"@type":"ReadAction","target":["https:\/\/alabamapregnancyfamilycenter.com\/es\/servicios\/pruebas-de-ets\/"]}]},{"@type":"ImageObject","inLanguage":"es","@id":"https:\/\/alabamapregnancyfamilycenter.com\/es\/servicios\/pruebas-de-ets\/#primaryimage","url":"https:\/\/alabamapregnancyfamilycenter.com\/wp-content\/uploads\/2022\/08\/std.svg","contentUrl":"https:\/\/alabamapregnancyfamilycenter.com\/wp-content\/uploads\/2022\/08\/std.svg"},{"@type":"BreadcrumbList","@id":"https:\/\/alabamapregnancyfamilycenter.com\/es\/servicios\/pruebas-de-ets\/#breadcrumb","itemListElement":[{"@type":"ListItem","position":1,"name":"Home","item":"https:\/\/alabamapregnancyfamilycenter.com\/es\/"},{"@type":"ListItem","position":2,"name":"Servicios","item":"https:\/\/alabamapregnancyfamilycenter.com\/es\/servicios\/"},{"@type":"ListItem","position":3,"name":"Pruebas de ETS"}]},{"@type":"WebSite","@id":"https:\/\/alabamapregnancyfamilycenter.com\/es\/#website","url":"https:\/\/alabamapregnancyfamilycenter.com\/es\/","name":"Alabama Pregnancy and Family Center","description":"","potentialAction":[{"@type":"SearchAction","target":{"@type":"EntryPoint","urlTemplate":"https:\/\/alabamapregnancyfamilycenter.com\/es\/?s={search_term_string}"},"query-input":{"@type":"PropertyValueSpecification","valueRequired":true,"valueName":"search_term_string"}}],"inLanguage":"es"}]}},"_links":{"self":[{"href":"https:\/\/alabamapregnancyfamilycenter.com\/es\/wp-json\/wp\/v2\/pages\/1833","targetHints":{"allow":["GET"]}}],"collection":[{"href":"https:\/\/alabamapregnancyfamilycenter.com\/es\/wp-json\/wp\/v2\/pages"}],"about":[{"href":"https:\/\/alabamapregnancyfamilycenter.com\/es\/wp-json\/wp\/v2\/types\/page"}],"author":[{"embeddable":true,"href":"https:\/\/alabamapregnancyfamilycenter.com\/es\/wp-json\/wp\/v2\/users\/2"}],"replies":[{"embeddable":true,"href":"https:\/\/alabamapregnancyfamilycenter.com\/es\/wp-json\/wp\/v2\/comments?post=1833"}],"version-history":[{"count":1,"href":"https:\/\/alabamapregnancyfamilycenter.com\/es\/wp-json\/wp\/v2\/pages\/1833\/revisions"}],"predecessor-version":[{"id":1837,"href":"https:\/\/alabamapregnancyfamilycenter.com\/es\/wp-json\/wp\/v2\/pages\/1833\/revisions\/1837"}],"up":[{"embeddable":true,"href":"https:\/\/alabamapregnancyfamilycenter.com\/es\/wp-json\/wp\/v2\/pages\/1867"}],"wp:featuredmedia":[{"embeddable":true,"href":"https:\/\/alabamapregnancyfamilycenter.com\/es\/wp-json\/wp\/v2\/media\/1835"}],"wp:attachment":[{"href":"https:\/\/alabamapregnancyfamilycenter.com\/es\/wp-json\/wp\/v2\/media?parent=1833"}],"curies":[{"name":"wp","href":"https:\/\/api.w.org\/{rel}","templated":true}]}}