{"id":1816,"date":"2025-03-25T06:27:11","date_gmt":"2025-03-25T06:27:11","guid":{"rendered":"https:\/\/alabamapregnancyfamilycenter.com\/examenes-medicos-postaborto\/"},"modified":"2026-05-04T07:46:46","modified_gmt":"2026-05-04T07:46:46","slug":"examenes-medicos-postaborto","status":"publish","type":"page","link":"https:\/\/alabamapregnancyfamilycenter.com\/es\/servicios\/examenes-medicos-postaborto\/","title":{"rendered":"Ex\u00e1menes m\u00e9dicos postaborto"},"content":{"rendered":"\n<p>La recuperaci\u00f3n despu\u00e9s de un aborto puede resultar desorientadora. Algunos d\u00edas se sentir\u00e1 bien y otros, emociones inesperadas le afectar\u00e1n de repente. Todos estos sentimientos son v\u00e1lidos y no existe una forma \u00abcorrecta\u00bb de procesar lo que ha pasado. <\/p>\n\n<p>Saber que no est\u00e1 sola es vital. Muchas personas atraviesan emociones similares y encuentran formas de sanar con el tiempo y el apoyo adecuado. Sea amable consigo misma mientras sigue adelante. La recuperaci\u00f3n no ocurre de la noche a la ma\u00f1ana, y reconocer sus sentimientos y buscar ayuda cuando la necesita es una se\u00f1al de fortaleza.<\/p>\n","protected":false},"excerpt":{"rendered":"<p>La recuperaci\u00f3n despu\u00e9s de un aborto puede resultar desorientadora. Algunos d\u00edas se sentir\u00e1 bien y otros, emociones inesperadas le afectar\u00e1n de repente. Todos estos sentimientos son v\u00e1lidos y no existe una forma \u00abcorrecta\u00bb de procesar lo que ha pasado. Saber que no est\u00e1 sola es vital. Muchas personas atraviesan emociones similares y encuentran formas de<\/p>\n","protected":false},"author":1,"featured_media":1821,"parent":1867,"menu_order":5,"comment_status":"closed","ping_status":"closed","template":"","meta":{"_acf_changed":false,"footnotes":""},"class_list":["post-1816","page","type-page","status-publish","has-post-thumbnail","hentry"],"acf":[],"yoast_head":"<!-- This site is optimized with the Yoast SEO plugin v27.5 - https:\/\/yoast.com\/product\/yoast-seo-wordpress\/ -->\n<title>Ex\u00e1menes m\u00e9dicos postaborto | Alabama Pregnancy and Family Center | Serving Vestavia, Crestwood &amp; Fultondale<\/title>\n<meta name=\"description\" content=\"Read more about Ex\u00e1menes m\u00e9dicos postaborto on this page. Ex\u00e1menes m\u00e9dicos postaborto offers free and confidential pregnancy services and support in the Birmingham, AL area. Contact us today!\" \/>\n<meta name=\"robots\" content=\"index, follow, max-snippet:-1, max-image-preview:large, max-video-preview:-1\" \/>\n<link rel=\"canonical\" href=\"https:\/\/alabamapregnancyfamilycenter.com\/es\/servicios\/examenes-medicos-postaborto\/\" \/>\n<meta property=\"og:locale\" content=\"es_ES\" \/>\n<meta property=\"og:type\" content=\"article\" \/>\n<meta property=\"og:title\" content=\"Ex\u00e1menes m\u00e9dicos postaborto | Alabama Pregnancy and Family Center | Serving Vestavia, Crestwood &amp; Fultondale\" \/>\n<meta property=\"og:description\" content=\"Read more about Ex\u00e1menes m\u00e9dicos postaborto on this page. Ex\u00e1menes m\u00e9dicos postaborto offers free and confidential pregnancy services and support in the Birmingham, AL area. Contact us today!\" \/>\n<meta property=\"og:url\" content=\"https:\/\/alabamapregnancyfamilycenter.com\/es\/servicios\/examenes-medicos-postaborto\/\" \/>\n<meta property=\"og:site_name\" content=\"Alabama Pregnancy and Family Center\" \/>\n<meta property=\"article:modified_time\" content=\"2026-05-04T07:46:46+00:00\" \/>\n<meta name=\"twitter:card\" content=\"summary_large_image\" \/>\n<!-- \/ Yoast SEO plugin. -->","yoast_head_json":{"title":"Ex\u00e1menes m\u00e9dicos postaborto | Alabama Pregnancy and Family Center | Serving Vestavia, Crestwood & Fultondale","description":"Read more about Ex\u00e1menes m\u00e9dicos postaborto on this page. Ex\u00e1menes m\u00e9dicos postaborto offers free and confidential pregnancy services and support in the Birmingham, AL area. Contact us today!","robots":{"index":"index","follow":"follow","max-snippet":"max-snippet:-1","max-image-preview":"max-image-preview:large","max-video-preview":"max-video-preview:-1"},"canonical":"https:\/\/alabamapregnancyfamilycenter.com\/es\/servicios\/examenes-medicos-postaborto\/","og_locale":"es_ES","og_type":"article","og_title":"Ex\u00e1menes m\u00e9dicos postaborto | Alabama Pregnancy and Family Center | Serving Vestavia, Crestwood & Fultondale","og_description":"Read more about Ex\u00e1menes m\u00e9dicos postaborto on this page. Ex\u00e1menes m\u00e9dicos postaborto offers free and confidential pregnancy services and support in the Birmingham, AL area. Contact us today!","og_url":"https:\/\/alabamapregnancyfamilycenter.com\/es\/servicios\/examenes-medicos-postaborto\/","og_site_name":"Alabama Pregnancy and Family Center","article_modified_time":"2026-05-04T07:46:46+00:00","twitter_card":"summary_large_image","schema":{"@context":"https:\/\/schema.org","@graph":[{"@type":"WebPage","@id":"https:\/\/alabamapregnancyfamilycenter.com\/es\/servicios\/examenes-medicos-postaborto\/","url":"https:\/\/alabamapregnancyfamilycenter.com\/es\/servicios\/examenes-medicos-postaborto\/","name":"Ex\u00e1menes m\u00e9dicos postaborto | Alabama Pregnancy and Family Center | Serving Vestavia, Crestwood & Fultondale","isPartOf":{"@id":"https:\/\/alabamapregnancyfamilycenter.com\/es\/#website"},"primaryImageOfPage":{"@id":"https:\/\/alabamapregnancyfamilycenter.com\/es\/servicios\/examenes-medicos-postaborto\/#primaryimage"},"image":{"@id":"https:\/\/alabamapregnancyfamilycenter.com\/es\/servicios\/examenes-medicos-postaborto\/#primaryimage"},"thumbnailUrl":"https:\/\/alabamapregnancyfamilycenter.com\/wp-content\/uploads\/2025\/03\/Katie-Icons-6-1.svg","datePublished":"2025-03-25T06:27:11+00:00","dateModified":"2026-05-04T07:46:46+00:00","description":"Read more about Ex\u00e1menes m\u00e9dicos postaborto on this page. Ex\u00e1menes m\u00e9dicos postaborto offers free and confidential pregnancy services and support in the Birmingham, AL area. Contact us today!","breadcrumb":{"@id":"https:\/\/alabamapregnancyfamilycenter.com\/es\/servicios\/examenes-medicos-postaborto\/#breadcrumb"},"inLanguage":"es","potentialAction":[{"@type":"ReadAction","target":["https:\/\/alabamapregnancyfamilycenter.com\/es\/servicios\/examenes-medicos-postaborto\/"]}]},{"@type":"ImageObject","inLanguage":"es","@id":"https:\/\/alabamapregnancyfamilycenter.com\/es\/servicios\/examenes-medicos-postaborto\/#primaryimage","url":"https:\/\/alabamapregnancyfamilycenter.com\/wp-content\/uploads\/2025\/03\/Katie-Icons-6-1.svg","contentUrl":"https:\/\/alabamapregnancyfamilycenter.com\/wp-content\/uploads\/2025\/03\/Katie-Icons-6-1.svg"},{"@type":"BreadcrumbList","@id":"https:\/\/alabamapregnancyfamilycenter.com\/es\/servicios\/examenes-medicos-postaborto\/#breadcrumb","itemListElement":[{"@type":"ListItem","position":1,"name":"Home","item":"https:\/\/alabamapregnancyfamilycenter.com\/es\/"},{"@type":"ListItem","position":2,"name":"Servicios","item":"https:\/\/alabamapregnancyfamilycenter.com\/es\/servicios\/"},{"@type":"ListItem","position":3,"name":"Ex\u00e1menes m\u00e9dicos postaborto"}]},{"@type":"WebSite","@id":"https:\/\/alabamapregnancyfamilycenter.com\/es\/#website","url":"https:\/\/alabamapregnancyfamilycenter.com\/es\/","name":"Alabama Pregnancy and Family Center","description":"","potentialAction":[{"@type":"SearchAction","target":{"@type":"EntryPoint","urlTemplate":"https:\/\/alabamapregnancyfamilycenter.com\/es\/?s={search_term_string}"},"query-input":{"@type":"PropertyValueSpecification","valueRequired":true,"valueName":"search_term_string"}}],"inLanguage":"es"}]}},"_links":{"self":[{"href":"https:\/\/alabamapregnancyfamilycenter.com\/es\/wp-json\/wp\/v2\/pages\/1816","targetHints":{"allow":["GET"]}}],"collection":[{"href":"https:\/\/alabamapregnancyfamilycenter.com\/es\/wp-json\/wp\/v2\/pages"}],"about":[{"href":"https:\/\/alabamapregnancyfamilycenter.com\/es\/wp-json\/wp\/v2\/types\/page"}],"author":[{"embeddable":true,"href":"https:\/\/alabamapregnancyfamilycenter.com\/es\/wp-json\/wp\/v2\/users\/1"}],"replies":[{"embeddable":true,"href":"https:\/\/alabamapregnancyfamilycenter.com\/es\/wp-json\/wp\/v2\/comments?post=1816"}],"version-history":[{"count":1,"href":"https:\/\/alabamapregnancyfamilycenter.com\/es\/wp-json\/wp\/v2\/pages\/1816\/revisions"}],"predecessor-version":[{"id":1822,"href":"https:\/\/alabamapregnancyfamilycenter.com\/es\/wp-json\/wp\/v2\/pages\/1816\/revisions\/1822"}],"up":[{"embeddable":true,"href":"https:\/\/alabamapregnancyfamilycenter.com\/es\/wp-json\/wp\/v2\/pages\/1867"}],"wp:featuredmedia":[{"embeddable":true,"href":"https:\/\/alabamapregnancyfamilycenter.com\/es\/wp-json\/wp\/v2\/media\/1821"}],"wp:attachment":[{"href":"https:\/\/alabamapregnancyfamilycenter.com\/es\/wp-json\/wp\/v2\/media?parent=1816"}],"curies":[{"name":"wp","href":"https:\/\/api.w.org\/{rel}","templated":true}]}}