{"id":1815,"date":"2025-03-25T05:47:27","date_gmt":"2025-03-25T05:47:27","guid":{"rendered":"https:\/\/alabamapregnancyfamilycenter.com\/reversion-de-la-pildora-abortiva\/"},"modified":"2026-05-04T07:46:45","modified_gmt":"2026-05-04T07:46:45","slug":"reversion-de-la-pildora-abortiva","status":"publish","type":"page","link":"https:\/\/alabamapregnancyfamilycenter.com\/es\/servicios\/reversion-de-la-pildora-abortiva\/","title":{"rendered":"Reversi\u00f3n de la P\u00edldora Abortiva"},"content":{"rendered":"","protected":false},"excerpt":{"rendered":"<p>\u00bfHa tomado mifepristona y se arrepiente de su decisi\u00f3n? Podemos conectarle con la Red de Rescate de la P\u00edldora Abortiva para iniciar la APR, ofreci\u00e9ndole la oportunidad de continuar con su embarazo. El tiempo es crucial, as\u00ed que p\u00f3ngase en contacto de inmediato para iniciar el proceso.  <\/p>\n","protected":false},"author":1,"featured_media":1819,"parent":1867,"menu_order":4,"comment_status":"closed","ping_status":"closed","template":"","meta":{"_acf_changed":false,"footnotes":""},"class_list":["post-1815","page","type-page","status-publish","has-post-thumbnail","hentry"],"acf":[],"yoast_head":"<!-- This site is optimized with the Yoast SEO plugin v27.5 - https:\/\/yoast.com\/product\/yoast-seo-wordpress\/ -->\n<title>Reversi\u00f3n de la P\u00edldora Abortiva | Alabama Pregnancy and Family Center | Serving Vestavia, Crestwood &amp; Fultondale<\/title>\n<meta name=\"description\" content=\"Read more about Reversi\u00f3n de la P\u00edldora Abortiva on this page. Reversi\u00f3n de la P\u00edldora Abortiva offers free and confidential pregnancy services and support in the Birmingham, AL area. Contact us today!\" \/>\n<meta name=\"robots\" content=\"index, follow, max-snippet:-1, max-image-preview:large, max-video-preview:-1\" \/>\n<link rel=\"canonical\" href=\"https:\/\/alabamapregnancyfamilycenter.com\/es\/servicios\/reversion-de-la-pildora-abortiva\/\" \/>\n<meta property=\"og:locale\" content=\"es_ES\" \/>\n<meta property=\"og:type\" content=\"article\" \/>\n<meta property=\"og:title\" content=\"Reversi\u00f3n de la P\u00edldora Abortiva | Alabama Pregnancy and Family Center | Serving Vestavia, Crestwood &amp; Fultondale\" \/>\n<meta property=\"og:description\" content=\"Read more about Reversi\u00f3n de la P\u00edldora Abortiva on this page. Reversi\u00f3n de la P\u00edldora Abortiva offers free and confidential pregnancy services and support in the Birmingham, AL area. Contact us today!\" \/>\n<meta property=\"og:url\" content=\"https:\/\/alabamapregnancyfamilycenter.com\/es\/servicios\/reversion-de-la-pildora-abortiva\/\" \/>\n<meta property=\"og:site_name\" content=\"Alabama Pregnancy and Family Center\" \/>\n<meta property=\"article:modified_time\" content=\"2026-05-04T07:46:45+00:00\" \/>\n<meta name=\"twitter:card\" content=\"summary_large_image\" \/>\n<!-- \/ Yoast SEO plugin. -->","yoast_head_json":{"title":"Reversi\u00f3n de la P\u00edldora Abortiva | Alabama Pregnancy and Family Center | Serving Vestavia, Crestwood & Fultondale","description":"Read more about Reversi\u00f3n de la P\u00edldora Abortiva on this page. Reversi\u00f3n de la P\u00edldora Abortiva offers free and confidential pregnancy services and support in the Birmingham, AL area. Contact us today!","robots":{"index":"index","follow":"follow","max-snippet":"max-snippet:-1","max-image-preview":"max-image-preview:large","max-video-preview":"max-video-preview:-1"},"canonical":"https:\/\/alabamapregnancyfamilycenter.com\/es\/servicios\/reversion-de-la-pildora-abortiva\/","og_locale":"es_ES","og_type":"article","og_title":"Reversi\u00f3n de la P\u00edldora Abortiva | Alabama Pregnancy and Family Center | Serving Vestavia, Crestwood & Fultondale","og_description":"Read more about Reversi\u00f3n de la P\u00edldora Abortiva on this page. Reversi\u00f3n de la P\u00edldora Abortiva offers free and confidential pregnancy services and support in the Birmingham, AL area. Contact us today!","og_url":"https:\/\/alabamapregnancyfamilycenter.com\/es\/servicios\/reversion-de-la-pildora-abortiva\/","og_site_name":"Alabama Pregnancy and Family Center","article_modified_time":"2026-05-04T07:46:45+00:00","twitter_card":"summary_large_image","schema":{"@context":"https:\/\/schema.org","@graph":[{"@type":"WebPage","@id":"https:\/\/alabamapregnancyfamilycenter.com\/es\/servicios\/reversion-de-la-pildora-abortiva\/","url":"https:\/\/alabamapregnancyfamilycenter.com\/es\/servicios\/reversion-de-la-pildora-abortiva\/","name":"Reversi\u00f3n de la P\u00edldora Abortiva | Alabama Pregnancy and Family Center | Serving Vestavia, Crestwood & Fultondale","isPartOf":{"@id":"https:\/\/alabamapregnancyfamilycenter.com\/es\/#website"},"primaryImageOfPage":{"@id":"https:\/\/alabamapregnancyfamilycenter.com\/es\/servicios\/reversion-de-la-pildora-abortiva\/#primaryimage"},"image":{"@id":"https:\/\/alabamapregnancyfamilycenter.com\/es\/servicios\/reversion-de-la-pildora-abortiva\/#primaryimage"},"thumbnailUrl":"https:\/\/alabamapregnancyfamilycenter.com\/wp-content\/uploads\/2025\/03\/Katie-Icons-5-1-1.svg","datePublished":"2025-03-25T05:47:27+00:00","dateModified":"2026-05-04T07:46:45+00:00","description":"Read more about Reversi\u00f3n de la P\u00edldora Abortiva on this page. Reversi\u00f3n de la P\u00edldora Abortiva offers free and confidential pregnancy services and support in the Birmingham, AL area. Contact us today!","breadcrumb":{"@id":"https:\/\/alabamapregnancyfamilycenter.com\/es\/servicios\/reversion-de-la-pildora-abortiva\/#breadcrumb"},"inLanguage":"es","potentialAction":[{"@type":"ReadAction","target":["https:\/\/alabamapregnancyfamilycenter.com\/es\/servicios\/reversion-de-la-pildora-abortiva\/"]}]},{"@type":"ImageObject","inLanguage":"es","@id":"https:\/\/alabamapregnancyfamilycenter.com\/es\/servicios\/reversion-de-la-pildora-abortiva\/#primaryimage","url":"https:\/\/alabamapregnancyfamilycenter.com\/wp-content\/uploads\/2025\/03\/Katie-Icons-5-1-1.svg","contentUrl":"https:\/\/alabamapregnancyfamilycenter.com\/wp-content\/uploads\/2025\/03\/Katie-Icons-5-1-1.svg"},{"@type":"BreadcrumbList","@id":"https:\/\/alabamapregnancyfamilycenter.com\/es\/servicios\/reversion-de-la-pildora-abortiva\/#breadcrumb","itemListElement":[{"@type":"ListItem","position":1,"name":"Home","item":"https:\/\/alabamapregnancyfamilycenter.com\/es\/"},{"@type":"ListItem","position":2,"name":"Servicios","item":"https:\/\/alabamapregnancyfamilycenter.com\/es\/servicios\/"},{"@type":"ListItem","position":3,"name":"Reversi\u00f3n de la P\u00edldora Abortiva"}]},{"@type":"WebSite","@id":"https:\/\/alabamapregnancyfamilycenter.com\/es\/#website","url":"https:\/\/alabamapregnancyfamilycenter.com\/es\/","name":"Alabama Pregnancy and Family Center","description":"","potentialAction":[{"@type":"SearchAction","target":{"@type":"EntryPoint","urlTemplate":"https:\/\/alabamapregnancyfamilycenter.com\/es\/?s={search_term_string}"},"query-input":{"@type":"PropertyValueSpecification","valueRequired":true,"valueName":"search_term_string"}}],"inLanguage":"es"}]}},"_links":{"self":[{"href":"https:\/\/alabamapregnancyfamilycenter.com\/es\/wp-json\/wp\/v2\/pages\/1815","targetHints":{"allow":["GET"]}}],"collection":[{"href":"https:\/\/alabamapregnancyfamilycenter.com\/es\/wp-json\/wp\/v2\/pages"}],"about":[{"href":"https:\/\/alabamapregnancyfamilycenter.com\/es\/wp-json\/wp\/v2\/types\/page"}],"author":[{"embeddable":true,"href":"https:\/\/alabamapregnancyfamilycenter.com\/es\/wp-json\/wp\/v2\/users\/1"}],"replies":[{"embeddable":true,"href":"https:\/\/alabamapregnancyfamilycenter.com\/es\/wp-json\/wp\/v2\/comments?post=1815"}],"version-history":[{"count":1,"href":"https:\/\/alabamapregnancyfamilycenter.com\/es\/wp-json\/wp\/v2\/pages\/1815\/revisions"}],"predecessor-version":[{"id":1868,"href":"https:\/\/alabamapregnancyfamilycenter.com\/es\/wp-json\/wp\/v2\/pages\/1815\/revisions\/1868"}],"up":[{"embeddable":true,"href":"https:\/\/alabamapregnancyfamilycenter.com\/es\/wp-json\/wp\/v2\/pages\/1867"}],"wp:featuredmedia":[{"embeddable":true,"href":"https:\/\/alabamapregnancyfamilycenter.com\/es\/wp-json\/wp\/v2\/media\/1819"}],"wp:attachment":[{"href":"https:\/\/alabamapregnancyfamilycenter.com\/es\/wp-json\/wp\/v2\/media?parent=1815"}],"curies":[{"name":"wp","href":"https:\/\/api.w.org\/{rel}","templated":true}]}}